{"id":1797,"date":"2023-01-12T15:35:42","date_gmt":"2023-01-12T20:35:42","guid":{"rendered":"https:\/\/www.alarmsofflorida.com\/?page_id=1797"},"modified":"2023-02-17T17:05:06","modified_gmt":"2023-02-17T22:05:06","slug":"products-2","status":"publish","type":"page","link":"https:\/\/www.alarmsofflorida.com\/es\/products-2\/","title":{"rendered":"Productos"},"content":{"rendered":"<div data-elementor-type=\"wp-page\" data-elementor-id=\"1797\" class=\"elementor elementor-1797\">\n\t\t\t\t\t\t\t<div class=\"elementor-element elementor-element-f9eeb35 e-container--column e-container\" data-id=\"f9eeb35\" data-element_type=\"container\">\t\t<div class=\"elementor-element elementor-element-6ad2229 e-container--column e-container\" data-id=\"6ad2229\" data-element_type=\"container\">\t\t\t\t<div class=\"elementor-element elementor-element-032d44a elementor-widget elementor-widget-heading\" data-id=\"032d44a\" data-element_type=\"widget\" data-widget_type=\"heading.default\">\n\t\t\t\t<div class=\"elementor-widget-container\">\n\t\t\t<style>\/*! elementor - v3.7.7 - 20-09-2022 *\/\n.elementor-heading-title{padding:0;margin:0;line-height:1}.elementor-widget-heading .elementor-heading-title[class*=elementor-size-]>a{color:inherit;font-size:inherit;line-height:inherit}.elementor-widget-heading .elementor-heading-title.elementor-size-small{font-size:15px}.elementor-widget-heading .elementor-heading-title.elementor-size-medium{font-size:19px}.elementor-widget-heading .elementor-heading-title.elementor-size-large{font-size:29px}.elementor-widget-heading .elementor-heading-title.elementor-size-xl{font-size:39px}.elementor-widget-heading .elementor-heading-title.elementor-size-xxl{font-size:59px}<\/style><h2 class=\"elementor-heading-title elementor-size-default\">Equipo<\/h2>\t\t<\/div>\n\t\t\t\t<\/div>\n\t\t<\/div><\/div><div class=\"elementor-element elementor-element-13c801e e-container--row e-container\" data-id=\"13c801e\" data-element_type=\"container\">\t\t<div class=\"elementor-element elementor-element-77bfc2a e-container--column e-container\" data-id=\"77bfc2a\" data-element_type=\"container\">\t\t<div class=\"elementor-element elementor-element-87d521c card_type1 e-container--column e-container\" data-id=\"87d521c\" data-element_type=\"container\">\t\t\t\t<div class=\"elementor-element elementor-element-34d0c18 elementor-widget elementor-widget-image\" data-id=\"34d0c18\" data-element_type=\"widget\" data-widget_type=\"image.default\">\n\t\t\t\t<div class=\"elementor-widget-container\">\n\t\t\t<style>\/*! elementor - v3.7.7 - 20-09-2022 *\/\n.elementor-widget-image{text-align:center}.elementor-widget-image a{display:inline-block}.elementor-widget-image a img[src$=\".svg\"]{width:48px}.elementor-widget-image img{vertical-align:middle;display:inline-block}<\/style>\t\t\t\t\t\t\t\t\t\t\t\t<img decoding=\"async\" width=\"401\" height=\"290\" src=\"https:\/\/www.alarmsofflorida.com\/wp-content\/uploads\/2023\/01\/Recurso-341.png\" class=\"attachment-full size-full\" alt=\"\" loading=\"lazy\" srcset=\"https:\/\/www.alarmsofflorida.com\/wp-content\/uploads\/2023\/01\/Recurso-341.png 401w, https:\/\/www.alarmsofflorida.com\/wp-content\/uploads\/2023\/01\/Recurso-341-300x217.png 300w, https:\/\/www.alarmsofflorida.com\/wp-content\/uploads\/2023\/01\/Recurso-341-18x12.png 18w\" sizes=\"(max-width: 401px) 100vw, 401px\" \/>\t\t\t\t\t\t\t\t\t\t\t\t\t\t\t<\/div>\n\t\t\t\t<\/div>\n\t\t\t\t<div class=\"elementor-element elementor-element-5eff9bd elementor-widget__width-initial title-command elementor-widget elementor-widget-heading\" data-id=\"5eff9bd\" data-element_type=\"widget\" data-widget_type=\"heading.default\">\n\t\t\t\t<div class=\"elementor-widget-container\">\n\t\t\t<h3 class=\"elementor-heading-title elementor-size-default\">Panel de comando<\/h3>\t\t<\/div>\n\t\t\t\t<\/div>\n\t\t\t\t<div class=\"elementor-element elementor-element-5fbff06 elementor-widget elementor-widget-heading\" data-id=\"5fbff06\" data-element_type=\"widget\" data-widget_type=\"heading.default\">\n\t\t\t\t<div class=\"elementor-widget-container\">\n\t\t\t<p class=\"elementor-heading-title elementor-size-default\">Especialmente dise\u00f1ado para no solo proporcionar una protecci\u00f3n real, sino tambi\u00e9n inteligente. Este panel de seguridad inteligente ADT Command de 7\u201d est\u00e1 integrado en el sistema todo en uno junto con la automatizaci\u00f3n z-wave, bluetooth y una c\u00e1mara de panel.<\/p>\t\t<\/div>\n\t\t\t\t<\/div>\n\t\t<\/div><\/div><div class=\"elementor-element elementor-element-f4a8aeb e-container--column e-container\" data-id=\"f4a8aeb\" data-element_type=\"container\">\t\t<div class=\"elementor-element elementor-element-a126f74 card_type1 e-container--column e-container\" data-id=\"a126f74\" data-element_type=\"container\">\t\t\t\t<div class=\"elementor-element elementor-element-b152bbc elementor-widget elementor-widget-image\" data-id=\"b152bbc\" data-element_type=\"widget\" data-widget_type=\"image.default\">\n\t\t\t\t<div class=\"elementor-widget-container\">\n\t\t\t\t\t\t\t\t\t\t\t\t\t\t\t<img decoding=\"async\" width=\"1180\" height=\"1232\" src=\"https:\/\/www.alarmsofflorida.com\/wp-content\/uploads\/2023\/01\/Detector-de-Puertas.webp\" class=\"attachment-full size-full\" alt=\"\" loading=\"lazy\" srcset=\"https:\/\/www.alarmsofflorida.com\/wp-content\/uploads\/2023\/01\/Detector-de-Puertas.webp 1180w, https:\/\/www.alarmsofflorida.com\/wp-content\/uploads\/2023\/01\/Detector-de-Puertas-287x300.webp 287w, https:\/\/www.alarmsofflorida.com\/wp-content\/uploads\/2023\/01\/Detector-de-Puertas-981x1024.webp 981w, https:\/\/www.alarmsofflorida.com\/wp-content\/uploads\/2023\/01\/Detector-de-Puertas-768x802.webp 768w, https:\/\/www.alarmsofflorida.com\/wp-content\/uploads\/2023\/01\/Detector-de-Puertas-11x12.webp 11w, https:\/\/www.alarmsofflorida.com\/wp-content\/uploads\/2023\/01\/Detector-de-Puertas-1080x1128.webp 1080w, https:\/\/www.alarmsofflorida.com\/wp-content\/uploads\/2023\/01\/Detector-de-Puertas-980x1023.webp 980w, https:\/\/www.alarmsofflorida.com\/wp-content\/uploads\/2023\/01\/Detector-de-Puertas-480x501.webp 480w\" sizes=\"(max-width: 1180px) 100vw, 1180px\" \/>\t\t\t\t\t\t\t\t\t\t\t\t\t\t\t<\/div>\n\t\t\t\t<\/div>\n\t\t\t\t<div class=\"elementor-element elementor-element-2a644c7 elementor-widget__width-initial title-command elementor-widget elementor-widget-heading\" data-id=\"2a644c7\" data-element_type=\"widget\" data-widget_type=\"heading.default\">\n\t\t\t\t<div class=\"elementor-widget-container\">\n\t\t\t<h3 class=\"elementor-heading-title elementor-size-default\">Contacto de puerta y ventana\n<\/h3>\t\t<\/div>\n\t\t\t\t<\/div>\n\t\t\t\t<div class=\"elementor-element elementor-element-d839f88 elementor-widget elementor-widget-heading\" data-id=\"d839f88\" data-element_type=\"widget\" data-widget_type=\"heading.default\">\n\t\t\t\t<div class=\"elementor-widget-container\">\n\t\t\t<p class=\"elementor-heading-title elementor-size-default\">El sensor de ventana de puerta inal\u00e1mbrico ADT Command, est\u00e1 totalmente encriptado, est\u00e1 dise\u00f1ado para usar en puertas, ventanas y otros objetos que se abren y cierran, enviando notificaciones cuando hay un robo.<\/p>\t\t<\/div>\n\t\t\t\t<\/div>\n\t\t<\/div><\/div><\/div><div class=\"elementor-element elementor-element-72fe7f5 e-container--row e-container\" data-id=\"72fe7f5\" data-element_type=\"container\">\t\t<div class=\"elementor-element elementor-element-c9a3632 e-container--column e-container\" data-id=\"c9a3632\" data-element_type=\"container\">\t\t<div class=\"elementor-element elementor-element-af88f62 card_type1 e-container--column e-container\" data-id=\"af88f62\" data-element_type=\"container\">\t\t\t\t<div class=\"elementor-element elementor-element-57fc526 elementor-widget elementor-widget-image\" data-id=\"57fc526\" data-element_type=\"widget\" data-widget_type=\"image.default\">\n\t\t\t\t<div class=\"elementor-widget-container\">\n\t\t\t\t\t\t\t\t\t\t\t\t\t\t\t<img decoding=\"async\" width=\"1162\" height=\"1232\" src=\"https:\/\/www.alarmsofflorida.com\/wp-content\/uploads\/2023\/01\/Detector-de-movimiento.webp\" class=\"attachment-full size-full\" alt=\"\" loading=\"lazy\" srcset=\"https:\/\/www.alarmsofflorida.com\/wp-content\/uploads\/2023\/01\/Detector-de-movimiento.webp 1162w, https:\/\/www.alarmsofflorida.com\/wp-content\/uploads\/2023\/01\/Detector-de-movimiento-283x300.webp 283w, https:\/\/www.alarmsofflorida.com\/wp-content\/uploads\/2023\/01\/Detector-de-movimiento-966x1024.webp 966w, https:\/\/www.alarmsofflorida.com\/wp-content\/uploads\/2023\/01\/Detector-de-movimiento-768x814.webp 768w, https:\/\/www.alarmsofflorida.com\/wp-content\/uploads\/2023\/01\/Detector-de-movimiento-11x12.webp 11w, https:\/\/www.alarmsofflorida.com\/wp-content\/uploads\/2023\/01\/Detector-de-movimiento-1080x1145.webp 1080w, https:\/\/www.alarmsofflorida.com\/wp-content\/uploads\/2023\/01\/Detector-de-movimiento-980x1039.webp 980w, https:\/\/www.alarmsofflorida.com\/wp-content\/uploads\/2023\/01\/Detector-de-movimiento-480x509.webp 480w\" sizes=\"(max-width: 1162px) 100vw, 1162px\" \/>\t\t\t\t\t\t\t\t\t\t\t\t\t\t\t<\/div>\n\t\t\t\t<\/div>\n\t\t\t\t<div class=\"elementor-element elementor-element-95db08d elementor-widget__width-initial title-command elementor-widget elementor-widget-heading\" data-id=\"95db08d\" data-element_type=\"widget\" data-widget_type=\"heading.default\">\n\t\t\t\t<div class=\"elementor-widget-container\">\n\t\t\t<h3 class=\"elementor-heading-title elementor-size-default\">Detector de movimiento<\/h3>\t\t<\/div>\n\t\t\t\t<\/div>\n\t\t\t\t<div class=\"elementor-element elementor-element-38b15df elementor-widget elementor-widget-heading\" data-id=\"38b15df\" data-element_type=\"widget\" data-widget_type=\"heading.default\">\n\t\t\t\t<div class=\"elementor-widget-container\">\n\t\t\t<p class=\"elementor-heading-title elementor-size-default\">El detector de movimiento inal\u00e1mbrico ADT Command es un sensor de movimiento infrarrojo pasivo inal\u00e1mbrico que es inmune a mascotas de hasta 80 libras. Este detector de movimiento solo se activar\u00e1 cuando el sistema se arme proporcionando una detecci\u00f3n superior y prevenci\u00f3n de falsas alarmas a trav\u00e9s del an\u00e1lisis de se\u00f1ales digitales.  <\/p>\t\t<\/div>\n\t\t\t\t<\/div>\n\t\t<\/div><\/div><div class=\"elementor-element elementor-element-dfd1672 e-container--column e-container\" data-id=\"dfd1672\" data-element_type=\"container\">\t\t<div class=\"elementor-element elementor-element-f5331eb card_type1 e-container--column e-container\" data-id=\"f5331eb\" data-element_type=\"container\">\t\t\t\t<div class=\"elementor-element elementor-element-29f28a0 elementor-widget elementor-widget-image\" data-id=\"29f28a0\" data-element_type=\"widget\" data-widget_type=\"image.default\">\n\t\t\t\t<div class=\"elementor-widget-container\">\n\t\t\t\t\t\t\t\t\t\t\t\t\t\t\t<img decoding=\"async\" width=\"377\" height=\"384\" src=\"https:\/\/www.alarmsofflorida.com\/wp-content\/uploads\/2023\/01\/Recurso_214__1_-removebg-preview-1.png\" class=\"attachment-full size-full\" alt=\"\" loading=\"lazy\" srcset=\"https:\/\/www.alarmsofflorida.com\/wp-content\/uploads\/2023\/01\/Recurso_214__1_-removebg-preview-1.png 377w, https:\/\/www.alarmsofflorida.com\/wp-content\/uploads\/2023\/01\/Recurso_214__1_-removebg-preview-1-295x300.png 295w\" sizes=\"(max-width: 377px) 100vw, 377px\" \/>\t\t\t\t\t\t\t\t\t\t\t\t\t\t\t<\/div>\n\t\t\t\t<\/div>\n\t\t\t\t<div class=\"elementor-element elementor-element-ab6baee elementor-widget__width-initial title-command elementor-widget elementor-widget-heading\" data-id=\"ab6baee\" data-element_type=\"widget\" data-widget_type=\"heading.default\">\n\t\t\t\t<div class=\"elementor-widget-container\">\n\t\t\t<h3 class=\"elementor-heading-title elementor-size-default\">Detector de rotura de cristal<\/h3>\t\t<\/div>\n\t\t\t\t<\/div>\n\t\t\t\t<div class=\"elementor-element elementor-element-3a4a017 elementor-widget elementor-widget-heading\" data-id=\"3a4a017\" data-element_type=\"widget\" data-widget_type=\"heading.default\">\n\t\t\t\t<div class=\"elementor-widget-container\">\n\t\t\t<p class=\"elementor-heading-title elementor-size-default\">Este dispositivo inteligente detectar\u00e1 cuando un intruso intente entrar rompiendo una ventana. Detecta las frecuencias de audio reales generadas cuando se rompe un vidrio.<\/p>\t\t<\/div>\n\t\t\t\t<\/div>\n\t\t<\/div><\/div><\/div><div class=\"elementor-element elementor-element-3ec9cc5 e-container--row e-container\" data-id=\"3ec9cc5\" data-element_type=\"container\">\t\t<div class=\"elementor-element elementor-element-21ef66f e-container--column e-container\" data-id=\"21ef66f\" data-element_type=\"container\">\t\t<div class=\"elementor-element elementor-element-d5d1919 card_type1 e-container--column e-container\" data-id=\"d5d1919\" data-element_type=\"container\">\t\t\t\t<div class=\"elementor-element elementor-element-e6f9dc2 elementor-widget elementor-widget-image\" data-id=\"e6f9dc2\" data-element_type=\"widget\" data-widget_type=\"image.default\">\n\t\t\t\t<div class=\"elementor-widget-container\">\n\t\t\t\t\t\t\t\t\t\t\t\t\t\t\t<img decoding=\"async\" width=\"1162\" height=\"1232\" src=\"https:\/\/www.alarmsofflorida.com\/wp-content\/uploads\/2023\/01\/LLavero.webp\" class=\"attachment-full size-full\" alt=\"\" loading=\"lazy\" srcset=\"https:\/\/www.alarmsofflorida.com\/wp-content\/uploads\/2023\/01\/LLavero.webp 1162w, https:\/\/www.alarmsofflorida.com\/wp-content\/uploads\/2023\/01\/LLavero-283x300.webp 283w, https:\/\/www.alarmsofflorida.com\/wp-content\/uploads\/2023\/01\/LLavero-966x1024.webp 966w, https:\/\/www.alarmsofflorida.com\/wp-content\/uploads\/2023\/01\/LLavero-768x814.webp 768w, https:\/\/www.alarmsofflorida.com\/wp-content\/uploads\/2023\/01\/LLavero-11x12.webp 11w, https:\/\/www.alarmsofflorida.com\/wp-content\/uploads\/2023\/01\/LLavero-1080x1145.webp 1080w, https:\/\/www.alarmsofflorida.com\/wp-content\/uploads\/2023\/01\/LLavero-980x1039.webp 980w, https:\/\/www.alarmsofflorida.com\/wp-content\/uploads\/2023\/01\/LLavero-480x509.webp 480w\" sizes=\"(max-width: 1162px) 100vw, 1162px\" \/>\t\t\t\t\t\t\t\t\t\t\t\t\t\t\t<\/div>\n\t\t\t\t<\/div>\n\t\t\t\t<div class=\"elementor-element elementor-element-a4464d2 elementor-widget__width-initial title-command elementor-widget elementor-widget-heading\" data-id=\"a4464d2\" data-element_type=\"widget\" data-widget_type=\"heading.default\">\n\t\t\t\t<div class=\"elementor-widget-container\">\n\t\t\t<h3 class=\"elementor-heading-title elementor-size-default\">Llave inal\u00e1mbrica<\/h3>\t\t<\/div>\n\t\t\t\t<\/div>\n\t\t\t\t<div class=\"elementor-element elementor-element-3657eee elementor-widget elementor-widget-heading\" data-id=\"3657eee\" data-element_type=\"widget\" data-widget_type=\"heading.default\">\n\t\t\t\t<div class=\"elementor-widget-container\">\n\t\t\t<p class=\"elementor-heading-title elementor-size-default\">Nuestro llavero es un llavero inal\u00e1mbrico bidireccional de 4 botones. Ofrece confirmaci\u00f3n cuando se reciben se\u00f1ales en el Panel de Comando a trav\u00e9s de las luces LED y el zumbador incorporado. Es una excelente manera de controlar el sistema de forma inal\u00e1mbrica con la opci\u00f3n de armar la estancia | lejos | Desarmar | P\u00e1nico<\/p>\t\t<\/div>\n\t\t\t\t<\/div>\n\t\t<\/div><\/div><div class=\"elementor-element elementor-element-2ae8bd3 e-container--column e-container\" data-id=\"2ae8bd3\" data-element_type=\"container\">\t\t<div class=\"elementor-element elementor-element-a85d940 card_type1 e-container--column e-container\" data-id=\"a85d940\" data-element_type=\"container\">\t\t\t\t<div class=\"elementor-element elementor-element-3d13fd7 elementor-widget elementor-widget-image\" data-id=\"3d13fd7\" data-element_type=\"widget\" data-widget_type=\"image.default\">\n\t\t\t\t<div class=\"elementor-widget-container\">\n\t\t\t\t\t\t\t\t\t\t\t\t\t\t\t<img decoding=\"async\" width=\"1180\" height=\"1232\" src=\"https:\/\/www.alarmsofflorida.com\/wp-content\/uploads\/2023\/01\/Detector-de-Puertas.webp\" class=\"attachment-full size-full\" alt=\"\" loading=\"lazy\" srcset=\"https:\/\/www.alarmsofflorida.com\/wp-content\/uploads\/2023\/01\/Detector-de-Puertas.webp 1180w, https:\/\/www.alarmsofflorida.com\/wp-content\/uploads\/2023\/01\/Detector-de-Puertas-287x300.webp 287w, https:\/\/www.alarmsofflorida.com\/wp-content\/uploads\/2023\/01\/Detector-de-Puertas-981x1024.webp 981w, https:\/\/www.alarmsofflorida.com\/wp-content\/uploads\/2023\/01\/Detector-de-Puertas-768x802.webp 768w, https:\/\/www.alarmsofflorida.com\/wp-content\/uploads\/2023\/01\/Detector-de-Puertas-11x12.webp 11w, https:\/\/www.alarmsofflorida.com\/wp-content\/uploads\/2023\/01\/Detector-de-Puertas-1080x1128.webp 1080w, https:\/\/www.alarmsofflorida.com\/wp-content\/uploads\/2023\/01\/Detector-de-Puertas-980x1023.webp 980w, https:\/\/www.alarmsofflorida.com\/wp-content\/uploads\/2023\/01\/Detector-de-Puertas-480x501.webp 480w\" sizes=\"(max-width: 1180px) 100vw, 1180px\" \/>\t\t\t\t\t\t\t\t\t\t\t\t\t\t\t<\/div>\n\t\t\t\t<\/div>\n\t\t\t\t<div class=\"elementor-element elementor-element-4f5aa1b elementor-widget__width-initial title-command elementor-widget elementor-widget-heading\" data-id=\"4f5aa1b\" data-element_type=\"widget\" data-widget_type=\"heading.default\">\n\t\t\t\t<div class=\"elementor-widget-container\">\n\t\t\t<h3 class=\"elementor-heading-title elementor-size-default\">Sensor de choque<\/h3>\t\t<\/div>\n\t\t\t\t<\/div>\n\t\t\t\t<div class=\"elementor-element elementor-element-be5d999 elementor-widget elementor-widget-heading\" data-id=\"be5d999\" data-element_type=\"widget\" data-widget_type=\"heading.default\">\n\t\t\t\t<div class=\"elementor-widget-container\">\n\t\t\t<p class=\"elementor-heading-title elementor-size-default\">El sensor de choque de comando ADT funciona como un sensor encriptado con un rango superior dise\u00f1ado espec\u00edficamente con detecci\u00f3n de vibraci\u00f3n de niveles m\u00faltiples. Adem\u00e1s, puede colocarlo en su ventana o puerta y puede avisarle si la puerta o ventana se queda abierta. <\/p>\t\t<\/div>\n\t\t\t\t<\/div>\n\t\t<\/div><\/div><\/div><div class=\"elementor-element elementor-element-beaa93b e-container--row e-container\" data-id=\"beaa93b\" data-element_type=\"container\">\t\t<div class=\"elementor-element elementor-element-e3f644c e-container--column e-container\" data-id=\"e3f644c\" data-element_type=\"container\">\t\t<div class=\"elementor-element elementor-element-fb9a574 card_type1 e-container--column e-container\" data-id=\"fb9a574\" data-element_type=\"container\">\t\t\t\t<div class=\"elementor-element elementor-element-af4a916 elementor-widget elementor-widget-image\" data-id=\"af4a916\" data-element_type=\"widget\" data-widget_type=\"image.default\">\n\t\t\t\t<div class=\"elementor-widget-container\">\n\t\t\t\t\t\t\t\t\t\t\t\t\t\t\t<img decoding=\"async\" width=\"500\" height=\"500\" src=\"https:\/\/www.alarmsofflorida.com\/wp-content\/uploads\/2023\/01\/new-hs-command-keypad-removebg-preview.png\" class=\"attachment-full size-full\" alt=\"\" loading=\"lazy\" srcset=\"https:\/\/www.alarmsofflorida.com\/wp-content\/uploads\/2023\/01\/new-hs-command-keypad-removebg-preview.png 500w, https:\/\/www.alarmsofflorida.com\/wp-content\/uploads\/2023\/01\/new-hs-command-keypad-removebg-preview-480x480.png 480w\" sizes=\"(min-width: 0px) and (max-width: 480px) 480px, (min-width: 481px) 500px, 100vw\" \/>\t\t\t\t\t\t\t\t\t\t\t\t\t\t\t<\/div>\n\t\t\t\t<\/div>\n\t\t\t\t<div class=\"elementor-element elementor-element-5f62461 elementor-widget__width-initial title-command elementor-widget elementor-widget-heading\" data-id=\"5f62461\" data-element_type=\"widget\" data-widget_type=\"heading.default\">\n\t\t\t\t<div class=\"elementor-widget-container\">\n\t\t\t<h3 class=\"elementor-heading-title elementor-size-default\">Teclado<\/h3>\t\t<\/div>\n\t\t\t\t<\/div>\n\t\t\t\t<div class=\"elementor-element elementor-element-3177dd8 elementor-widget elementor-widget-heading\" data-id=\"3177dd8\" data-element_type=\"widget\" data-widget_type=\"heading.default\">\n\t\t\t\t<div class=\"elementor-widget-container\">\n\t\t\t<p class=\"elementor-heading-title elementor-size-default\">Este teclado se puede utilizar como teclado principal o secundario, cuenta con una pantalla alfanum\u00e9rica con iluminaci\u00f3n LED con un soporte de escritorio opcional.<\/p>\t\t<\/div>\n\t\t\t\t<\/div>\n\t\t<\/div><\/div><div class=\"elementor-element elementor-element-65a3590 e-container--column e-container\" data-id=\"65a3590\" data-element_type=\"container\">\t\t<div class=\"elementor-element elementor-element-2793372 card_type1 e-container--column e-container\" data-id=\"2793372\" data-element_type=\"container\">\t\t\t\t<div class=\"elementor-element elementor-element-5dc2663 elementor-widget elementor-widget-image\" data-id=\"5dc2663\" data-element_type=\"widget\" data-widget_type=\"image.default\">\n\t\t\t\t<div class=\"elementor-widget-container\">\n\t\t\t\t\t\t\t\t\t\t\t\t\t\t\t<img decoding=\"async\" width=\"600\" height=\"401\" src=\"https:\/\/www.alarmsofflorida.com\/wp-content\/uploads\/2023\/01\/Command-Secondary-Keypad-600x401.jpg.webp\" class=\"attachment-full size-full\" alt=\"\" loading=\"lazy\" srcset=\"https:\/\/www.alarmsofflorida.com\/wp-content\/uploads\/2023\/01\/Command-Secondary-Keypad-600x401.jpg.webp 600w, https:\/\/www.alarmsofflorida.com\/wp-content\/uploads\/2023\/01\/Command-Secondary-Keypad-600x401.jpg-300x201.webp 300w, https:\/\/www.alarmsofflorida.com\/wp-content\/uploads\/2023\/01\/Command-Secondary-Keypad-600x401.jpg-18x12.webp 18w\" sizes=\"(max-width: 600px) 100vw, 600px\" \/>\t\t\t\t\t\t\t\t\t\t\t\t\t\t\t<\/div>\n\t\t\t\t<\/div>\n\t\t\t\t<div class=\"elementor-element elementor-element-ceaa9f6 elementor-widget__width-initial title-command elementor-widget elementor-widget-heading\" data-id=\"ceaa9f6\" data-element_type=\"widget\" data-widget_type=\"heading.default\">\n\t\t\t\t<div class=\"elementor-widget-container\">\n\t\t\t<h3 class=\"elementor-heading-title elementor-size-default\">Teclado de pantalla t\u00e1ctil<\/h3>\t\t<\/div>\n\t\t\t\t<\/div>\n\t\t\t\t<div class=\"elementor-element elementor-element-141e4d0 elementor-widget elementor-widget-heading\" data-id=\"141e4d0\" data-element_type=\"widget\" data-widget_type=\"heading.default\">\n\t\t\t\t<div class=\"elementor-widget-container\">\n\t\t\t<p class=\"elementor-heading-title elementor-size-default\">El intuitivo teclado de pantalla t\u00e1ctil en color secundario ADT Command . Se puede usar como teclado principal. Viene con un pie de apoyo para colocar en el mostrador y tambi\u00e9n se puede montar en la pared. Se integra con Amazon, Alexa y Google Home para un f\u00e1cil control de voz de su sistema y dispositivos. <\/p>\t\t<\/div>\n\t\t\t\t<\/div>\n\t\t<\/div><\/div><\/div><div class=\"elementor-element elementor-element-552acc8 e-container--column e-container\" data-id=\"552acc8\" data-element_type=\"container\">\t\t\t\t<div class=\"elementor-element elementor-element-a95c22f elementor-align-center elementor-widget elementor-widget-button\" data-id=\"a95c22f\" data-element_type=\"widget\" data-widget_type=\"button.default\">\n\t\t\t\t<div class=\"elementor-widget-container\">\n\t\t\t\t\t<div class=\"elementor-button-wrapper\">\n\t\t\t<a href=\"https:\/\/www.alarmsofflorida.com\/es\/form\/\" target=\"_blank\" class=\"elementor-button-link elementor-button elementor-size-sm\" role=\"button\">\n\t\t\t\t\t\t<span class=\"elementor-button-content-wrapper\">\n\t\t\t\t\t\t<span class=\"elementor-button-text\">Obt\u00e9n una cotizaci\u00f3n gratis<br> <span class=\"subtext-buttom\">Instalaciones el mismo d\u00eda<\/span><\/span>\n\t\t<\/span>\n\t\t\t\t\t<\/a>\n\t\t<\/div>\n\t\t\t\t<\/div>\n\t\t\t\t<\/div>\n\t\t<\/div>\t\t\t\t\t<\/div>","protected":false},"excerpt":{"rendered":"<p>Equipment Command Panel Specially designed to not only provide real protection but is also smart. This 7\u201d ADT Command Smart Security Panel built into the all-in-one system along with z-wave automation, bluetooth, and a panel camera. Door and Window Contact ADT Command Wireless Door Window Sensor,its fully encrypted, is designed for use on doors, windows, [&hellip;]<\/p>","protected":false},"author":2,"featured_media":0,"parent":0,"menu_order":0,"comment_status":"closed","ping_status":"closed","template":"elementor_header_footer","meta":{"_et_pb_use_builder":"","_et_pb_old_content":"","_et_gb_content_width":""},"_links":{"self":[{"href":"https:\/\/www.alarmsofflorida.com\/es\/wp-json\/wp\/v2\/pages\/1797"}],"collection":[{"href":"https:\/\/www.alarmsofflorida.com\/es\/wp-json\/wp\/v2\/pages"}],"about":[{"href":"https:\/\/www.alarmsofflorida.com\/es\/wp-json\/wp\/v2\/types\/page"}],"author":[{"embeddable":true,"href":"https:\/\/www.alarmsofflorida.com\/es\/wp-json\/wp\/v2\/users\/2"}],"replies":[{"embeddable":true,"href":"https:\/\/www.alarmsofflorida.com\/es\/wp-json\/wp\/v2\/comments?post=1797"}],"version-history":[{"count":152,"href":"https:\/\/www.alarmsofflorida.com\/es\/wp-json\/wp\/v2\/pages\/1797\/revisions"}],"predecessor-version":[{"id":3016,"href":"https:\/\/www.alarmsofflorida.com\/es\/wp-json\/wp\/v2\/pages\/1797\/revisions\/3016"}],"wp:attachment":[{"href":"https:\/\/www.alarmsofflorida.com\/es\/wp-json\/wp\/v2\/media?parent=1797"}],"curies":[{"name":"wp","href":"https:\/\/api.w.org\/{rel}","templated":true}]}}