{"id":2143,"date":"2023-01-16T14:31:59","date_gmt":"2023-01-16T19:31:59","guid":{"rendered":"https:\/\/www.alarmsofflorida.com\/?page_id=2143"},"modified":"2023-02-17T17:08:31","modified_gmt":"2023-02-17T22:08:31","slug":"fire-life","status":"publish","type":"page","link":"https:\/\/www.alarmsofflorida.com\/es\/fire-life\/","title":{"rendered":"Fuego &amp; Vida"},"content":{"rendered":"<div data-elementor-type=\"wp-page\" data-elementor-id=\"2143\" class=\"elementor elementor-2143\">\n\t\t\t\t\t\t\t<div class=\"elementor-element elementor-element-c2b1ff2 e-container--column e-container\" data-id=\"c2b1ff2\" data-element_type=\"container\">\t\t<div class=\"elementor-element elementor-element-50aa23a e-container--column e-container\" data-id=\"50aa23a\" data-element_type=\"container\">\t\t\t\t<div class=\"elementor-element elementor-element-070a092 elementor-widget elementor-widget-heading\" data-id=\"070a092\" data-element_type=\"widget\" data-widget_type=\"heading.default\">\n\t\t\t\t<div class=\"elementor-widget-container\">\n\t\t\t<style>\/*! elementor - v3.7.7 - 20-09-2022 *\/\n.elementor-heading-title{padding:0;margin:0;line-height:1}.elementor-widget-heading .elementor-heading-title[class*=elementor-size-]>a{color:inherit;font-size:inherit;line-height:inherit}.elementor-widget-heading .elementor-heading-title.elementor-size-small{font-size:15px}.elementor-widget-heading .elementor-heading-title.elementor-size-medium{font-size:19px}.elementor-widget-heading .elementor-heading-title.elementor-size-large{font-size:29px}.elementor-widget-heading .elementor-heading-title.elementor-size-xl{font-size:39px}.elementor-widget-heading .elementor-heading-title.elementor-size-xxl{font-size:59px}<\/style><h2 class=\"elementor-heading-title elementor-size-default\">Equipo<\/h2>\t\t<\/div>\n\t\t\t\t<\/div>\n\t\t<\/div><\/div><div class=\"elementor-element elementor-element-a168bab e-container--row e-container\" data-id=\"a168bab\" data-element_type=\"container\">\t\t<div class=\"elementor-element elementor-element-058a28b e-container--column e-container\" data-id=\"058a28b\" data-element_type=\"container\">\t\t<div class=\"elementor-element elementor-element-ec936a9 card_type1 e-container--column e-container\" data-id=\"ec936a9\" data-element_type=\"container\">\t\t\t\t<div class=\"elementor-element elementor-element-4db47b4 elementor-widget elementor-widget-image\" data-id=\"4db47b4\" data-element_type=\"widget\" data-widget_type=\"image.default\">\n\t\t\t\t<div class=\"elementor-widget-container\">\n\t\t\t<style>\/*! elementor - v3.7.7 - 20-09-2022 *\/\n.elementor-widget-image{text-align:center}.elementor-widget-image a{display:inline-block}.elementor-widget-image a img[src$=\".svg\"]{width:48px}.elementor-widget-image img{vertical-align:middle;display:inline-block}<\/style>\t\t\t\t\t\t\t\t\t\t\t\t<img decoding=\"async\" width=\"500\" height=\"500\" src=\"https:\/\/www.alarmsofflorida.com\/wp-content\/uploads\/2023\/01\/new-fl-smoke-1-removebg-preview.png\" class=\"attachment-full size-full\" alt=\"\" loading=\"lazy\" srcset=\"https:\/\/www.alarmsofflorida.com\/wp-content\/uploads\/2023\/01\/new-fl-smoke-1-removebg-preview.png 500w, https:\/\/www.alarmsofflorida.com\/wp-content\/uploads\/2023\/01\/new-fl-smoke-1-removebg-preview-480x480.png 480w\" sizes=\"(min-width: 0px) and (max-width: 480px) 480px, (min-width: 481px) 500px, 100vw\" \/>\t\t\t\t\t\t\t\t\t\t\t\t\t\t\t<\/div>\n\t\t\t\t<\/div>\n\t\t\t\t<div class=\"elementor-element elementor-element-0dd63f5 elementor-widget__width-initial elementor-widget elementor-widget-heading\" data-id=\"0dd63f5\" data-element_type=\"widget\" data-widget_type=\"heading.default\">\n\t\t\t\t<div class=\"elementor-widget-container\">\n\t\t\t<h3 class=\"elementor-heading-title elementor-size-default\">Detector de humo<\/h3>\t\t<\/div>\n\t\t\t\t<\/div>\n\t\t\t\t<div class=\"elementor-element elementor-element-139618a elementor-widget elementor-widget-heading\" data-id=\"139618a\" data-element_type=\"widget\" data-widget_type=\"heading.default\">\n\t\t\t\t<div class=\"elementor-widget-container\">\n\t\t\t<p class=\"elementor-heading-title elementor-size-default\">Con el detector de humo monitorizado ADT aumentas el nivel de protecci\u00f3n de tu hogar. La detecci\u00f3n temprana de incendios es fundamental para un hogar seguro. Nuestros centros de Monitoreo le alertar\u00e1n tanto a usted como al departamento de bomberos ante las primeras se\u00f1ales de advertencia de incendio.<\/p>\t\t<\/div>\n\t\t\t\t<\/div>\n\t\t<\/div><\/div><div class=\"elementor-element elementor-element-4410cb6 e-container--column e-container\" data-id=\"4410cb6\" data-element_type=\"container\">\t\t<div class=\"elementor-element elementor-element-9a7ce07 card_type1 e-container--column e-container\" data-id=\"9a7ce07\" data-element_type=\"container\">\t\t\t\t<div class=\"elementor-element elementor-element-295c0be elementor-widget elementor-widget-image\" data-id=\"295c0be\" data-element_type=\"widget\" data-widget_type=\"image.default\">\n\t\t\t\t<div class=\"elementor-widget-container\">\n\t\t\t\t\t\t\t\t\t\t\t\t\t\t\t<img decoding=\"async\" width=\"500\" height=\"500\" src=\"https:\/\/www.alarmsofflorida.com\/wp-content\/uploads\/2023\/01\/new-fl-smoke-carbon-1-removebg-preview.png\" class=\"attachment-full size-full\" alt=\"\" loading=\"lazy\" srcset=\"https:\/\/www.alarmsofflorida.com\/wp-content\/uploads\/2023\/01\/new-fl-smoke-carbon-1-removebg-preview.png 500w, https:\/\/www.alarmsofflorida.com\/wp-content\/uploads\/2023\/01\/new-fl-smoke-carbon-1-removebg-preview-480x480.png 480w\" sizes=\"(min-width: 0px) and (max-width: 480px) 480px, (min-width: 481px) 500px, 100vw\" \/>\t\t\t\t\t\t\t\t\t\t\t\t\t\t\t<\/div>\n\t\t\t\t<\/div>\n\t\t\t\t<div class=\"elementor-element elementor-element-92dad84 elementor-widget__width-initial elementor-widget elementor-widget-heading\" data-id=\"92dad84\" data-element_type=\"widget\" data-widget_type=\"heading.default\">\n\t\t\t\t<div class=\"elementor-widget-container\">\n\t\t\t<h3 class=\"elementor-heading-title elementor-size-default\">Detector de mon\u00f3xido de carbono\n<\/h3>\t\t<\/div>\n\t\t\t\t<\/div>\n\t\t\t\t<div class=\"elementor-element elementor-element-81eb227 elementor-widget elementor-widget-heading\" data-id=\"81eb227\" data-element_type=\"widget\" data-widget_type=\"heading.default\">\n\t\t\t\t<div class=\"elementor-widget-container\">\n\t\t\t<p class=\"elementor-heading-title elementor-size-default\">El detector de mon\u00f3xido de carbono ADT Command funciona \u00fanicamente como un detector de CO. Lo alertar\u00e1 sobre niveles peligrosos del gas inodoro e incoloro en su hogar.<\/p>\t\t<\/div>\n\t\t\t\t<\/div>\n\t\t<\/div><\/div><\/div><div class=\"elementor-element elementor-element-b6b6dd1 e-container--row e-container\" data-id=\"b6b6dd1\" data-element_type=\"container\">\t\t<div class=\"elementor-element elementor-element-c08e4ae e-container--column e-container\" data-id=\"c08e4ae\" data-element_type=\"container\">\t\t<div class=\"elementor-element elementor-element-40db6a6 card_type1 e-container--column e-container\" data-id=\"40db6a6\" data-element_type=\"container\">\t\t\t\t<div class=\"elementor-element elementor-element-405e158 elementor-widget elementor-widget-image\" data-id=\"405e158\" data-element_type=\"widget\" data-widget_type=\"image.default\">\n\t\t\t\t<div class=\"elementor-widget-container\">\n\t\t\t\t\t\t\t\t\t\t\t\t\t\t\t<img decoding=\"async\" width=\"500\" height=\"500\" src=\"https:\/\/www.alarmsofflorida.com\/wp-content\/uploads\/2023\/01\/new-fl-heat-detector-1-removebg-preview.png\" class=\"attachment-full size-full\" alt=\"\" loading=\"lazy\" srcset=\"https:\/\/www.alarmsofflorida.com\/wp-content\/uploads\/2023\/01\/new-fl-heat-detector-1-removebg-preview.png 500w, https:\/\/www.alarmsofflorida.com\/wp-content\/uploads\/2023\/01\/new-fl-heat-detector-1-removebg-preview-480x480.png 480w\" sizes=\"(min-width: 0px) and (max-width: 480px) 480px, (min-width: 481px) 500px, 100vw\" \/>\t\t\t\t\t\t\t\t\t\t\t\t\t\t\t<\/div>\n\t\t\t\t<\/div>\n\t\t\t\t<div class=\"elementor-element elementor-element-ac2a615 elementor-widget__width-initial elementor-widget elementor-widget-heading\" data-id=\"ac2a615\" data-element_type=\"widget\" data-widget_type=\"heading.default\">\n\t\t\t\t<div class=\"elementor-widget-container\">\n\t\t\t<h3 class=\"elementor-heading-title elementor-size-default\">Detector de calor<\/h3>\t\t<\/div>\n\t\t\t\t<\/div>\n\t\t\t\t<div class=\"elementor-element elementor-element-7c12572 elementor-widget elementor-widget-heading\" data-id=\"7c12572\" data-element_type=\"widget\" data-widget_type=\"heading.default\">\n\t\t\t\t<div class=\"elementor-widget-container\">\n\t\t\t<p class=\"elementor-heading-title elementor-size-default\">El detector de calor inal\u00e1mbrico ADT utiliza sensores de temperatura fija y de tasa de aumento. Este detector evitar\u00e1 falsas alarmas al cocinar y a\u00fan lo proteger\u00e1 en una emergencia de incendio real.<\/p>\t\t<\/div>\n\t\t\t\t<\/div>\n\t\t<\/div><\/div><div class=\"elementor-element elementor-element-8746176 e-container--column e-container\" data-id=\"8746176\" data-element_type=\"container\">\t\t<div class=\"elementor-element elementor-element-7edd216 card_type1 e-container--column e-container\" data-id=\"7edd216\" data-element_type=\"container\">\t\t\t\t<div class=\"elementor-element elementor-element-9fe990c elementor-widget elementor-widget-image\" data-id=\"9fe990c\" data-element_type=\"widget\" data-widget_type=\"image.default\">\n\t\t\t\t<div class=\"elementor-widget-container\">\n\t\t\t\t\t\t\t\t\t\t\t\t\t\t\t<img decoding=\"async\" width=\"500\" height=\"500\" src=\"https:\/\/www.alarmsofflorida.com\/wp-content\/uploads\/2023\/01\/new-fl-carbon-1-removebg-preview.png\" class=\"attachment-full size-full\" alt=\"\" loading=\"lazy\" srcset=\"https:\/\/www.alarmsofflorida.com\/wp-content\/uploads\/2023\/01\/new-fl-carbon-1-removebg-preview.png 500w, https:\/\/www.alarmsofflorida.com\/wp-content\/uploads\/2023\/01\/new-fl-carbon-1-removebg-preview-480x480.png 480w\" sizes=\"(min-width: 0px) and (max-width: 480px) 480px, (min-width: 481px) 500px, 100vw\" \/>\t\t\t\t\t\t\t\t\t\t\t\t\t\t\t<\/div>\n\t\t\t\t<\/div>\n\t\t\t\t<div class=\"elementor-element elementor-element-7bd6bd3 elementor-widget__width-initial elementor-widget elementor-widget-heading\" data-id=\"7bd6bd3\" data-element_type=\"widget\" data-widget_type=\"heading.default\">\n\t\t\t\t<div class=\"elementor-widget-container\">\n\t\t\t<h3 class=\"elementor-heading-title elementor-size-default\">Detector de humo y mon\u00f3xido de carbono<\/h3>\t\t<\/div>\n\t\t\t\t<\/div>\n\t\t\t\t<div class=\"elementor-element elementor-element-dd54907 elementor-widget elementor-widget-heading\" data-id=\"dd54907\" data-element_type=\"widget\" data-widget_type=\"heading.default\">\n\t\t\t\t<div class=\"elementor-widget-container\">\n\t\t\t<p class=\"elementor-heading-title elementor-size-default\">El detector de humo y CO ADT Command funciona como detector de humo, calor y detecci\u00f3n de CO. Tiene una sirena incorporada con un anillo LED que muestra el tipo de evento. Adem\u00e1s, una c\u00e1mara fotoel\u00e9ctrica detecta part\u00edculas de humo en el aire, mientras que un sensor electroqu\u00edmico controla el subproducto de CO producido por fuegos lentos.<\/p>\t\t<\/div>\n\t\t\t\t<\/div>\n\t\t<\/div><\/div><\/div><div class=\"elementor-element elementor-element-ce060d2 e-container--row e-container\" data-id=\"ce060d2\" data-element_type=\"container\">\t\t<div class=\"elementor-element elementor-element-3bdbce9 e-container--column e-container\" data-id=\"3bdbce9\" data-element_type=\"container\">\t\t<div class=\"elementor-element elementor-element-f82be01 card_type1 e-container--column e-container\" data-id=\"f82be01\" data-element_type=\"container\">\t\t\t\t<div class=\"elementor-element elementor-element-3444c9e elementor-widget elementor-widget-image\" data-id=\"3444c9e\" data-element_type=\"widget\" data-widget_type=\"image.default\">\n\t\t\t\t<div class=\"elementor-widget-container\">\n\t\t\t\t\t\t\t\t\t\t\t\t\t\t\t<img decoding=\"async\" width=\"500\" height=\"500\" src=\"https:\/\/www.alarmsofflorida.com\/wp-content\/uploads\/2023\/01\/new-hs-door-window-contact-removebg-preview.png\" class=\"attachment-full size-full\" alt=\"\" loading=\"lazy\" srcset=\"https:\/\/www.alarmsofflorida.com\/wp-content\/uploads\/2023\/01\/new-hs-door-window-contact-removebg-preview.png 500w, https:\/\/www.alarmsofflorida.com\/wp-content\/uploads\/2023\/01\/new-hs-door-window-contact-removebg-preview-480x480.png 480w\" sizes=\"(min-width: 0px) and (max-width: 480px) 480px, (min-width: 481px) 500px, 100vw\" \/>\t\t\t\t\t\t\t\t\t\t\t\t\t\t\t<\/div>\n\t\t\t\t<\/div>\n\t\t\t\t<div class=\"elementor-element elementor-element-82937a9 elementor-widget__width-initial elementor-widget elementor-widget-heading\" data-id=\"82937a9\" data-element_type=\"widget\" data-widget_type=\"heading.default\">\n\t\t\t\t<div class=\"elementor-widget-container\">\n\t\t\t<h3 class=\"elementor-heading-title elementor-size-default\">Sensor de inundaci\u00f3n de agua<\/h3>\t\t<\/div>\n\t\t\t\t<\/div>\n\t\t\t\t<div class=\"elementor-element elementor-element-c42f3ae elementor-widget elementor-widget-heading\" data-id=\"c42f3ae\" data-element_type=\"widget\" data-widget_type=\"heading.default\">\n\t\t\t\t<div class=\"elementor-widget-container\">\n\t\t\t<p class=\"elementor-heading-title elementor-size-default\">El sensor de inundaci\u00f3n inal\u00e1mbrico ADT es un dispositivo de detecci\u00f3n de agua ideal para salas de computadoras, \u00e1reas de almacenamiento de documentos, almacenes, bombas de sumidero y s\u00f3tanos. \u00a1El sensor de inundaci\u00f3n inal\u00e1mbrico proteger\u00e1 sin esfuerzo sus activos m\u00e1s valiosos de los da\u00f1os causados \u200b\u200bpor el agua!  <\/p>\t\t<\/div>\n\t\t\t\t<\/div>\n\t\t<\/div><\/div><\/div><div class=\"elementor-element elementor-element-b7141fd e-container--column e-container\" data-id=\"b7141fd\" data-element_type=\"container\">\t\t\t\t<div class=\"elementor-element elementor-element-3af83a4 elementor-align-center elementor-widget elementor-widget-button\" data-id=\"3af83a4\" data-element_type=\"widget\" data-widget_type=\"button.default\">\n\t\t\t\t<div class=\"elementor-widget-container\">\n\t\t\t\t\t<div class=\"elementor-button-wrapper\">\n\t\t\t<a href=\"https:\/\/www.alarmsofflorida.com\/es\/form\/\" target=\"_blank\" class=\"elementor-button-link elementor-button elementor-size-sm\" role=\"button\">\n\t\t\t\t\t\t<span class=\"elementor-button-content-wrapper\">\n\t\t\t\t\t\t<span class=\"elementor-button-text\">Obt\u00e9n una cotizaci\u00f3n gratis<br> <span class=\"subtext-buttom\">Instalaciones el mismo d\u00eda<\/span><\/span>\n\t\t<\/span>\n\t\t\t\t\t<\/a>\n\t\t<\/div>\n\t\t\t\t<\/div>\n\t\t\t\t<\/div>\n\t\t<\/div>\t\t\t\t\t<\/div>","protected":false},"excerpt":{"rendered":"<p>Equipment Smoke Detector With the ADT monitored smoke detector you increase the level of protection of your home. Early detection of fires is critical for a safe home. Our Monitoring centers will alert both you and the fire department at the first warning signs of fire. Carbon Monoxide Detector The ADT Command Carbon Monoxide Detector [&hellip;]<\/p>","protected":false},"author":2,"featured_media":0,"parent":0,"menu_order":0,"comment_status":"closed","ping_status":"closed","template":"elementor_header_footer","meta":{"_et_pb_use_builder":"","_et_pb_old_content":"","_et_gb_content_width":""},"_links":{"self":[{"href":"https:\/\/www.alarmsofflorida.com\/es\/wp-json\/wp\/v2\/pages\/2143"}],"collection":[{"href":"https:\/\/www.alarmsofflorida.com\/es\/wp-json\/wp\/v2\/pages"}],"about":[{"href":"https:\/\/www.alarmsofflorida.com\/es\/wp-json\/wp\/v2\/types\/page"}],"author":[{"embeddable":true,"href":"https:\/\/www.alarmsofflorida.com\/es\/wp-json\/wp\/v2\/users\/2"}],"replies":[{"embeddable":true,"href":"https:\/\/www.alarmsofflorida.com\/es\/wp-json\/wp\/v2\/comments?post=2143"}],"version-history":[{"count":58,"href":"https:\/\/www.alarmsofflorida.com\/es\/wp-json\/wp\/v2\/pages\/2143\/revisions"}],"predecessor-version":[{"id":3022,"href":"https:\/\/www.alarmsofflorida.com\/es\/wp-json\/wp\/v2\/pages\/2143\/revisions\/3022"}],"wp:attachment":[{"href":"https:\/\/www.alarmsofflorida.com\/es\/wp-json\/wp\/v2\/media?parent=2143"}],"curies":[{"name":"wp","href":"https:\/\/api.w.org\/{rel}","templated":true}]}}