{"id":2214,"date":"2023-01-16T15:14:22","date_gmt":"2023-01-16T20:14:22","guid":{"rendered":"https:\/\/www.alarmsofflorida.com\/?page_id=2214"},"modified":"2023-02-22T12:58:41","modified_gmt":"2023-02-22T17:58:41","slug":"home-automation","status":"publish","type":"page","link":"https:\/\/www.alarmsofflorida.com\/es\/home-automation\/","title":{"rendered":"Automatizaci\u00f3n del hogar"},"content":{"rendered":"<div data-elementor-type=\"wp-page\" data-elementor-id=\"2214\" class=\"elementor elementor-2214\">\n\t\t\t\t\t\t\t<div class=\"elementor-element elementor-element-dcad294 e-container--column e-container\" data-id=\"dcad294\" data-element_type=\"container\">\t\t<div class=\"elementor-element elementor-element-6289c50 e-container--column e-container\" data-id=\"6289c50\" data-element_type=\"container\">\t\t\t\t<div class=\"elementor-element elementor-element-aba5902 elementor-widget elementor-widget-heading\" data-id=\"aba5902\" data-element_type=\"widget\" data-widget_type=\"heading.default\">\n\t\t\t\t<div class=\"elementor-widget-container\">\n\t\t\t<style>\/*! elementor - v3.7.7 - 20-09-2022 *\/\n.elementor-heading-title{padding:0;margin:0;line-height:1}.elementor-widget-heading .elementor-heading-title[class*=elementor-size-]>a{color:inherit;font-size:inherit;line-height:inherit}.elementor-widget-heading .elementor-heading-title.elementor-size-small{font-size:15px}.elementor-widget-heading .elementor-heading-title.elementor-size-medium{font-size:19px}.elementor-widget-heading .elementor-heading-title.elementor-size-large{font-size:29px}.elementor-widget-heading .elementor-heading-title.elementor-size-xl{font-size:39px}.elementor-widget-heading .elementor-heading-title.elementor-size-xxl{font-size:59px}<\/style><h2 class=\"elementor-heading-title elementor-size-default\">Equipo<\/h2>\t\t<\/div>\n\t\t\t\t<\/div>\n\t\t<\/div><\/div><div class=\"elementor-element elementor-element-fcb5876 e-container--row e-container\" data-id=\"fcb5876\" data-element_type=\"container\">\t\t<div class=\"elementor-element elementor-element-e275d3f e-container--column e-container\" data-id=\"e275d3f\" data-element_type=\"container\">\t\t<div class=\"elementor-element elementor-element-8cc83b2 card_type1 e-container--column e-container\" data-id=\"8cc83b2\" data-element_type=\"container\">\t\t\t\t<div class=\"elementor-element elementor-element-a2e7259 elementor-widget elementor-widget-image\" data-id=\"a2e7259\" data-element_type=\"widget\" data-widget_type=\"image.default\">\n\t\t\t\t<div class=\"elementor-widget-container\">\n\t\t\t<style>\/*! elementor - v3.7.7 - 20-09-2022 *\/\n.elementor-widget-image{text-align:center}.elementor-widget-image a{display:inline-block}.elementor-widget-image a img[src$=\".svg\"]{width:48px}.elementor-widget-image img{vertical-align:middle;display:inline-block}<\/style>\t\t\t\t\t\t\t\t\t\t\t\t<img decoding=\"async\" width=\"500\" height=\"500\" src=\"https:\/\/www.alarmsofflorida.com\/wp-content\/uploads\/2023\/01\/new-hs-shock-sensor-removebg-preview-1.png\" class=\"attachment-full size-full\" alt=\"\" loading=\"lazy\" srcset=\"https:\/\/www.alarmsofflorida.com\/wp-content\/uploads\/2023\/01\/new-hs-shock-sensor-removebg-preview-1.png 500w, https:\/\/www.alarmsofflorida.com\/wp-content\/uploads\/2023\/01\/new-hs-shock-sensor-removebg-preview-1-480x480.png 480w\" sizes=\"(min-width: 0px) and (max-width: 480px) 480px, (min-width: 481px) 500px, 100vw\" \/>\t\t\t\t\t\t\t\t\t\t\t\t\t\t\t<\/div>\n\t\t\t\t<\/div>\n\t\t\t\t<div class=\"elementor-element elementor-element-aa1b170 elementor-widget__width-initial elementor-widget elementor-widget-heading\" data-id=\"aa1b170\" data-element_type=\"widget\" data-widget_type=\"heading.default\">\n\t\t\t\t<div class=\"elementor-widget-container\">\n\t\t\t<h3 class=\"elementor-heading-title elementor-size-default\">Cerradura de la puerta<\/h3>\t\t<\/div>\n\t\t\t\t<\/div>\n\t\t\t\t<div class=\"elementor-element elementor-element-cf5bc18 elementor-widget elementor-widget-heading\" data-id=\"cf5bc18\" data-element_type=\"widget\" data-widget_type=\"heading.default\">\n\t\t\t\t<div class=\"elementor-widget-container\">\n\t\t\t<p class=\"elementor-heading-title elementor-size-default\">Doorlock presenta entrada sin llave usando un c\u00f3digo y le permite desbloquear sus puertas usando la aplicaci\u00f3n ADT Control. Recibir\u00e1 actualizaciones instant\u00e1neas cuando cambie el estado de su puerta, agregando un nivel adicional de seguridad y conveniencia.<\/p>\t\t<\/div>\n\t\t\t\t<\/div>\n\t\t<\/div><\/div><div class=\"elementor-element elementor-element-b17a5cf e-container--column e-container\" data-id=\"b17a5cf\" data-element_type=\"container\">\t\t<div class=\"elementor-element elementor-element-4cbff5f card_type1 e-container--column e-container\" data-id=\"4cbff5f\" data-element_type=\"container\">\t\t\t\t<div class=\"elementor-element elementor-element-3b33df8 elementor-widget elementor-widget-image\" data-id=\"3b33df8\" data-element_type=\"widget\" data-widget_type=\"image.default\">\n\t\t\t\t<div class=\"elementor-widget-container\">\n\t\t\t\t\t\t\t\t\t\t\t\t\t\t\t<img decoding=\"async\" width=\"500\" height=\"500\" src=\"https:\/\/www.alarmsofflorida.com\/wp-content\/uploads\/2023\/01\/new-ha-thermostat-removebg-preview.png\" class=\"attachment-full size-full\" alt=\"\" loading=\"lazy\" srcset=\"https:\/\/www.alarmsofflorida.com\/wp-content\/uploads\/2023\/01\/new-ha-thermostat-removebg-preview.png 500w, https:\/\/www.alarmsofflorida.com\/wp-content\/uploads\/2023\/01\/new-ha-thermostat-removebg-preview-480x480.png 480w\" sizes=\"(min-width: 0px) and (max-width: 480px) 480px, (min-width: 481px) 500px, 100vw\" \/>\t\t\t\t\t\t\t\t\t\t\t\t\t\t\t<\/div>\n\t\t\t\t<\/div>\n\t\t\t\t<div class=\"elementor-element elementor-element-17820cc elementor-widget__width-initial elementor-widget elementor-widget-heading\" data-id=\"17820cc\" data-element_type=\"widget\" data-widget_type=\"heading.default\">\n\t\t\t\t<div class=\"elementor-widget-container\">\n\t\t\t<h3 class=\"elementor-heading-title elementor-size-default\">Termostato<\/h3>\t\t<\/div>\n\t\t\t\t<\/div>\n\t\t\t\t<div class=\"elementor-element elementor-element-f3cd95b elementor-widget elementor-widget-heading\" data-id=\"f3cd95b\" data-element_type=\"widget\" data-widget_type=\"heading.default\">\n\t\t\t\t<div class=\"elementor-widget-container\">\n\t\t\t<p class=\"elementor-heading-title elementor-size-default\">El termostato ADT le permite controlar la temperatura de forma remota mediante la aplicaci\u00f3n ADT Control. Reciba alertas personalizadas para notificarle si la temperatura de su hogar ha subido demasiado o ha bajado demasiado. Configure un cronograma de termostato que lo ayude a ahorrar en costos de energ\u00eda y con el dise\u00f1o elegante se adaptar\u00e1 a cualquier decoraci\u00f3n.\n\n<\/p>\t\t<\/div>\n\t\t\t\t<\/div>\n\t\t<\/div><\/div><\/div><div class=\"elementor-element elementor-element-8cc9c2b e-container--row e-container\" data-id=\"8cc9c2b\" data-element_type=\"container\">\t\t<div class=\"elementor-element elementor-element-3c9b507 e-container--column e-container\" data-id=\"3c9b507\" data-element_type=\"container\">\t\t<div class=\"elementor-element elementor-element-9dc7ac5 card_type1 e-container--column e-container\" data-id=\"9dc7ac5\" data-element_type=\"container\">\t\t\t\t<div class=\"elementor-element elementor-element-588d05f elementor-widget elementor-widget-image\" data-id=\"588d05f\" data-element_type=\"widget\" data-widget_type=\"image.default\">\n\t\t\t\t<div class=\"elementor-widget-container\">\n\t\t\t\t\t\t\t\t\t\t\t\t\t\t\t<img decoding=\"async\" width=\"500\" height=\"500\" src=\"https:\/\/www.alarmsofflorida.com\/wp-content\/uploads\/2023\/01\/new-ha-garage-removebg-preview.png\" class=\"attachment-full size-full\" alt=\"\" loading=\"lazy\" srcset=\"https:\/\/www.alarmsofflorida.com\/wp-content\/uploads\/2023\/01\/new-ha-garage-removebg-preview.png 500w, https:\/\/www.alarmsofflorida.com\/wp-content\/uploads\/2023\/01\/new-ha-garage-removebg-preview-480x480.png 480w\" sizes=\"(min-width: 0px) and (max-width: 480px) 480px, (min-width: 481px) 500px, 100vw\" \/>\t\t\t\t\t\t\t\t\t\t\t\t\t\t\t<\/div>\n\t\t\t\t<\/div>\n\t\t\t\t<div class=\"elementor-element elementor-element-9f0ba2b elementor-widget__width-initial elementor-widget elementor-widget-heading\" data-id=\"9f0ba2b\" data-element_type=\"widget\" data-widget_type=\"heading.default\">\n\t\t\t\t<div class=\"elementor-widget-container\">\n\t\t\t<h3 class=\"elementor-heading-title elementor-size-default\">Controlador de puerta de garaje<\/h3>\t\t<\/div>\n\t\t\t\t<\/div>\n\t\t\t\t<div class=\"elementor-element elementor-element-b77b98e elementor-widget elementor-widget-heading\" data-id=\"b77b98e\" data-element_type=\"widget\" data-widget_type=\"heading.default\">\n\t\t\t\t<div class=\"elementor-widget-container\">\n\t\t\t<p class=\"elementor-heading-title elementor-size-default\">Controle la puerta de su garaje con la aplicaci\u00f3n ADT Control. Nunca deje que la puerta del  garaje abierta de nuevo. Configure los controles de automatizaci\u00f3n para cerrar autom\u00e1ticamente la puerta cuando arme el sistema ADT para evitar dejar la puerta abierta, tambi\u00e9n reciba alertas cuando la puerta se abra o se cierre.<\/p>\t\t<\/div>\n\t\t\t\t<\/div>\n\t\t<\/div><\/div><div class=\"elementor-element elementor-element-277f948 e-container--column e-container\" data-id=\"277f948\" data-element_type=\"container\">\t\t<div class=\"elementor-element elementor-element-9001b25 card_type1 e-container--column e-container\" data-id=\"9001b25\" data-element_type=\"container\">\t\t\t\t<div class=\"elementor-element elementor-element-a61e642 elementor-widget elementor-widget-image\" data-id=\"a61e642\" data-element_type=\"widget\" data-widget_type=\"image.default\">\n\t\t\t\t<div class=\"elementor-widget-container\">\n\t\t\t\t\t\t\t\t\t\t\t\t\t\t\t<img decoding=\"async\" width=\"500\" height=\"500\" src=\"https:\/\/www.alarmsofflorida.com\/wp-content\/uploads\/2023\/01\/new-ha-bulb-removebg-preview.png\" class=\"attachment-full size-full\" alt=\"\" loading=\"lazy\" srcset=\"https:\/\/www.alarmsofflorida.com\/wp-content\/uploads\/2023\/01\/new-ha-bulb-removebg-preview.png 500w, https:\/\/www.alarmsofflorida.com\/wp-content\/uploads\/2023\/01\/new-ha-bulb-removebg-preview-480x480.png 480w\" sizes=\"(min-width: 0px) and (max-width: 480px) 480px, (min-width: 481px) 500px, 100vw\" \/>\t\t\t\t\t\t\t\t\t\t\t\t\t\t\t<\/div>\n\t\t\t\t<\/div>\n\t\t\t\t<div class=\"elementor-element elementor-element-59c86cd elementor-widget__width-initial elementor-widget elementor-widget-heading\" data-id=\"59c86cd\" data-element_type=\"widget\" data-widget_type=\"heading.default\">\n\t\t\t\t<div class=\"elementor-widget-container\">\n\t\t\t<h3 class=\"elementor-heading-title elementor-size-default\">Bombilla Z-Wave<\/h3>\t\t<\/div>\n\t\t\t\t<\/div>\n\t\t\t\t<div class=\"elementor-element elementor-element-c2d3c27 elementor-widget elementor-widget-heading\" data-id=\"c2d3c27\" data-element_type=\"widget\" data-widget_type=\"heading.default\">\n\t\t\t\t<div class=\"elementor-widget-container\">\n\t\t\t<p class=\"elementor-heading-title elementor-size-default\">Sustituye tus bombillas actuales por Bombillas LED Inteligentes para una mejor seguridad. Nuestras bombillas inteligentes se integran con la aplicaci\u00f3n ADT Control para que pueda controlar las luces desde cualquier lugar y configurar horarios.<\/p>\t\t<\/div>\n\t\t\t\t<\/div>\n\t\t<\/div><\/div><\/div><div class=\"elementor-element elementor-element-8de41fa e-container--row e-container\" data-id=\"8de41fa\" data-element_type=\"container\">\t\t<div class=\"elementor-element elementor-element-4742365 e-container--column e-container\" data-id=\"4742365\" data-element_type=\"container\">\t\t<div class=\"elementor-element elementor-element-dc93902 card_type1 e-container--column e-container\" data-id=\"dc93902\" data-element_type=\"container\">\t\t\t\t<div class=\"elementor-element elementor-element-b312185 elementor-widget elementor-widget-image\" data-id=\"b312185\" data-element_type=\"widget\" data-widget_type=\"image.default\">\n\t\t\t\t<div class=\"elementor-widget-container\">\n\t\t\t\t\t\t\t\t\t\t\t\t\t\t\t<img decoding=\"async\" width=\"800\" height=\"738\" src=\"https:\/\/www.alarmsofflorida.com\/wp-content\/uploads\/2023\/01\/termostate-2-01-1-1.png\" class=\"attachment-full size-full\" alt=\"\" loading=\"lazy\" srcset=\"https:\/\/www.alarmsofflorida.com\/wp-content\/uploads\/2023\/01\/termostate-2-01-1-1.png 800w, https:\/\/www.alarmsofflorida.com\/wp-content\/uploads\/2023\/01\/termostate-2-01-1-1-480x443.png 480w\" sizes=\"(min-width: 0px) and (max-width: 480px) 480px, (min-width: 481px) 800px, 100vw\" \/>\t\t\t\t\t\t\t\t\t\t\t\t\t\t\t<\/div>\n\t\t\t\t<\/div>\n\t\t\t\t<div class=\"elementor-element elementor-element-ad80778 elementor-widget__width-initial elementor-widget elementor-widget-heading\" data-id=\"ad80778\" data-element_type=\"widget\" data-widget_type=\"heading.default\">\n\t\t\t\t<div class=\"elementor-widget-container\">\n\t\t\t<h3 class=\"elementor-heading-title elementor-size-default\">Termostato Nest<\/h3>\t\t<\/div>\n\t\t\t\t<\/div>\n\t\t\t\t<div class=\"elementor-element elementor-element-30bc785 elementor-widget elementor-widget-heading\" data-id=\"30bc785\" data-element_type=\"widget\" data-widget_type=\"heading.default\">\n\t\t\t\t<div class=\"elementor-widget-container\">\n\t\t\t<p class=\"elementor-heading-title elementor-size-default\">El Termostato Nest se adapta autom\u00e1ticamente a los cambios en tu vida. Solo tienes que usarlo durante una semana y se programar\u00e1 autom\u00e1ticamente.<\/p>\t\t<\/div>\n\t\t\t\t<\/div>\n\t\t<\/div><\/div><\/div><div class=\"elementor-element elementor-element-562c2ec e-container--column e-container\" data-id=\"562c2ec\" data-element_type=\"container\">\t\t\t\t<div class=\"elementor-element elementor-element-d3e1d1f elementor-align-center elementor-widget elementor-widget-button\" data-id=\"d3e1d1f\" data-element_type=\"widget\" data-widget_type=\"button.default\">\n\t\t\t\t<div class=\"elementor-widget-container\">\n\t\t\t\t\t<div class=\"elementor-button-wrapper\">\n\t\t\t<a href=\"https:\/\/www.alarmsofflorida.com\/es\/form\/\" target=\"_blank\" class=\"elementor-button-link elementor-button elementor-size-sm\" role=\"button\">\n\t\t\t\t\t\t<span class=\"elementor-button-content-wrapper\">\n\t\t\t\t\t\t<span class=\"elementor-button-text\">Obt\u00e9n una cotizaci\u00f3n gratis<br> <span class=\"subtext-buttom\">Instalaciones el mismo d\u00eda<\/span><\/span>\n\t\t<\/span>\n\t\t\t\t\t<\/a>\n\t\t<\/div>\n\t\t\t\t<\/div>\n\t\t\t\t<\/div>\n\t\t<\/div>\t\t\t\t\t<\/div>","protected":false},"excerpt":{"rendered":"<p>Equipment Door Lock The Doorlock features keyless entry using a code, and lets you unlock your doors using the ADT Control app. You will receive instant updates when the status of your door changes, adding an extra level of security and convenience. Thermostat The ADT Thermostat lets you remotely control the temperature using the ADT [&hellip;]<\/p>","protected":false},"author":2,"featured_media":0,"parent":0,"menu_order":0,"comment_status":"closed","ping_status":"closed","template":"elementor_header_footer","meta":{"_et_pb_use_builder":"","_et_pb_old_content":"","_et_gb_content_width":""},"_links":{"self":[{"href":"https:\/\/www.alarmsofflorida.com\/es\/wp-json\/wp\/v2\/pages\/2214"}],"collection":[{"href":"https:\/\/www.alarmsofflorida.com\/es\/wp-json\/wp\/v2\/pages"}],"about":[{"href":"https:\/\/www.alarmsofflorida.com\/es\/wp-json\/wp\/v2\/types\/page"}],"author":[{"embeddable":true,"href":"https:\/\/www.alarmsofflorida.com\/es\/wp-json\/wp\/v2\/users\/2"}],"replies":[{"embeddable":true,"href":"https:\/\/www.alarmsofflorida.com\/es\/wp-json\/wp\/v2\/comments?post=2214"}],"version-history":[{"count":55,"href":"https:\/\/www.alarmsofflorida.com\/es\/wp-json\/wp\/v2\/pages\/2214\/revisions"}],"predecessor-version":[{"id":3050,"href":"https:\/\/www.alarmsofflorida.com\/es\/wp-json\/wp\/v2\/pages\/2214\/revisions\/3050"}],"wp:attachment":[{"href":"https:\/\/www.alarmsofflorida.com\/es\/wp-json\/wp\/v2\/media?parent=2214"}],"curies":[{"name":"wp","href":"https:\/\/api.w.org\/{rel}","templated":true}]}}