{"id":2911,"date":"2023-02-02T16:05:57","date_gmt":"2023-02-02T21:05:57","guid":{"rendered":"https:\/\/www.alarmsofflorida.com\/?page_id=2911"},"modified":"2023-02-22T13:02:11","modified_gmt":"2023-02-22T18:02:11","slug":"cameras-security-2","status":"publish","type":"page","link":"https:\/\/www.alarmsofflorida.com\/es\/cameras-security-2\/","title":{"rendered":"C\u00e1maras de seguridad"},"content":{"rendered":"<div data-elementor-type=\"wp-page\" data-elementor-id=\"2911\" class=\"elementor elementor-2911\">\n\t\t\t\t\t\t\t<div class=\"elementor-element elementor-element-5449363 e-container--column e-container\" data-id=\"5449363\" data-element_type=\"container\">\t\t<div class=\"elementor-element elementor-element-88f3f6c e-container--column e-container\" data-id=\"88f3f6c\" data-element_type=\"container\">\t\t\t\t<div class=\"elementor-element elementor-element-0b0601a elementor-widget elementor-widget-heading\" data-id=\"0b0601a\" data-element_type=\"widget\" data-widget_type=\"heading.default\">\n\t\t\t\t<div class=\"elementor-widget-container\">\n\t\t\t<style>\/*! elementor - v3.7.7 - 20-09-2022 *\/\n.elementor-heading-title{padding:0;margin:0;line-height:1}.elementor-widget-heading .elementor-heading-title[class*=elementor-size-]>a{color:inherit;font-size:inherit;line-height:inherit}.elementor-widget-heading .elementor-heading-title.elementor-size-small{font-size:15px}.elementor-widget-heading .elementor-heading-title.elementor-size-medium{font-size:19px}.elementor-widget-heading .elementor-heading-title.elementor-size-large{font-size:29px}.elementor-widget-heading .elementor-heading-title.elementor-size-xl{font-size:39px}.elementor-widget-heading .elementor-heading-title.elementor-size-xxl{font-size:59px}<\/style><h2 class=\"elementor-heading-title elementor-size-default\">C\u00e1maras de seguridad<\/h2>\t\t<\/div>\n\t\t\t\t<\/div>\n\t\t<\/div><\/div><div class=\"elementor-element elementor-element-0af043a e-container--row e-container\" data-id=\"0af043a\" data-element_type=\"container\">\t\t<div class=\"elementor-element elementor-element-50b3467 card_type1 e-container--column e-container\" data-id=\"50b3467\" data-element_type=\"container\">\t\t\t\t<div class=\"elementor-element elementor-element-916cf8b elementor-widget elementor-widget-image\" data-id=\"916cf8b\" data-element_type=\"widget\" data-widget_type=\"image.default\">\n\t\t\t\t<div class=\"elementor-widget-container\">\n\t\t\t<style>\/*! elementor - v3.7.7 - 20-09-2022 *\/\n.elementor-widget-image{text-align:center}.elementor-widget-image a{display:inline-block}.elementor-widget-image a img[src$=\".svg\"]{width:48px}.elementor-widget-image img{vertical-align:middle;display:inline-block}<\/style>\t\t\t\t\t\t\t\t\t\t\t\t<img decoding=\"async\" width=\"800\" height=\"800\" src=\"https:\/\/www.alarmsofflorida.com\/wp-content\/uploads\/2020\/03\/new-business-product-outdoor-camera.jpg\" class=\"attachment-full size-full\" alt=\"\" loading=\"lazy\" srcset=\"https:\/\/www.alarmsofflorida.com\/wp-content\/uploads\/2020\/03\/new-business-product-outdoor-camera.jpg 800w, https:\/\/www.alarmsofflorida.com\/wp-content\/uploads\/2020\/03\/new-business-product-outdoor-camera-480x480.jpg 480w\" sizes=\"(min-width: 0px) and (max-width: 480px) 480px, (min-width: 481px) 800px, 100vw\" \/>\t\t\t\t\t\t\t\t\t\t\t\t\t\t\t<\/div>\n\t\t\t\t<\/div>\n\t\t\t\t<div class=\"elementor-element elementor-element-6637974 elementor-widget__width-initial elementor-widget elementor-widget-heading\" data-id=\"6637974\" data-element_type=\"widget\" data-widget_type=\"heading.default\">\n\t\t\t\t<div class=\"elementor-widget-container\">\n\t\t\t<h3 class=\"elementor-heading-title elementor-size-default\">C\u00e1maras para exterior<\/h3>\t\t<\/div>\n\t\t\t\t<\/div>\n\t\t\t\t<div class=\"elementor-element elementor-element-29408fb elementor-widget elementor-widget-heading\" data-id=\"29408fb\" data-element_type=\"widget\" data-widget_type=\"heading.default\">\n\t\t\t\t<div class=\"elementor-widget-container\">\n\t\t\t<p class=\"elementor-heading-title elementor-size-default\">Mantenga su propiedad segura con las c\u00e1maras para exteriores de ADT. Consulta los alrededores de tu negocio desde cualquier lugar utilizando la aplicaci\u00f3n de tu tel\u00e9fono. Tambi\u00e9n reciba alertas de las c\u00e1maras cuando detecten movimiento para saber cu\u00e1ndo alguien se acerca demasiado a su propiedad, incluso en condiciones de poca luz con la capacidad de visi\u00f3n nocturna infrarroja.<\/p>\t\t<\/div>\n\t\t\t\t<\/div>\n\t\t<\/div><div class=\"elementor-element elementor-element-15a157d e-container--column e-container\" data-id=\"15a157d\" data-element_type=\"container\">\t\t<div class=\"elementor-element elementor-element-acad655 card_type1 e-container--column e-container\" data-id=\"acad655\" data-element_type=\"container\">\t\t\t\t<div class=\"elementor-element elementor-element-9607dc5 elementor-widget elementor-widget-image\" data-id=\"9607dc5\" data-element_type=\"widget\" data-widget_type=\"image.default\">\n\t\t\t\t<div class=\"elementor-widget-container\">\n\t\t\t\t\t\t\t\t\t\t\t\t\t\t\t<img decoding=\"async\" width=\"800\" height=\"800\" src=\"https:\/\/www.alarmsofflorida.com\/wp-content\/uploads\/2020\/03\/new-sc-indoor-camera.jpg\" class=\"attachment-full size-full\" alt=\"\" loading=\"lazy\" srcset=\"https:\/\/www.alarmsofflorida.com\/wp-content\/uploads\/2020\/03\/new-sc-indoor-camera.jpg 800w, https:\/\/www.alarmsofflorida.com\/wp-content\/uploads\/2020\/03\/new-sc-indoor-camera-480x480.jpg 480w\" sizes=\"(min-width: 0px) and (max-width: 480px) 480px, (min-width: 481px) 800px, 100vw\" \/>\t\t\t\t\t\t\t\t\t\t\t\t\t\t\t<\/div>\n\t\t\t\t<\/div>\n\t\t\t\t<div class=\"elementor-element elementor-element-6ee306a elementor-widget__width-initial elementor-widget elementor-widget-heading\" data-id=\"6ee306a\" data-element_type=\"widget\" data-widget_type=\"heading.default\">\n\t\t\t\t<div class=\"elementor-widget-container\">\n\t\t\t<h3 class=\"elementor-heading-title elementor-size-default\">C\u00e1maras para Interior\n\n<\/h3>\t\t<\/div>\n\t\t\t\t<\/div>\n\t\t\t\t<div class=\"elementor-element elementor-element-ef65c46 elementor-widget elementor-widget-heading\" data-id=\"ef65c46\" data-element_type=\"widget\" data-widget_type=\"heading.default\">\n\t\t\t\t<div class=\"elementor-widget-container\">\n\t\t\t<p class=\"elementor-heading-title elementor-size-default\">Estas c\u00e1maras de alta definici\u00f3n le brindan videos claros en tiempo real, nuestros sistemas de c\u00e1maras para interiores env\u00edan clips grabados a su tel\u00e9fono. Esta c\u00e1mara es inal\u00e1mbrica, solo con\u00e9ctela a una toma de corriente, por lo que no hay cables desordenados.<\/p>\t\t<\/div>\n\t\t\t\t<\/div>\n\t\t<\/div><\/div><\/div><div class=\"elementor-element elementor-element-f36bfcd e-container--row e-container\" data-id=\"f36bfcd\" data-element_type=\"container\">\t\t<div class=\"elementor-element elementor-element-9a7aa8c e-container--column e-container\" data-id=\"9a7aa8c\" data-element_type=\"container\">\t\t<div class=\"elementor-element elementor-element-73a7195 e-container--column e-container\" data-id=\"73a7195\" data-element_type=\"container\">\t\t<div class=\"elementor-element elementor-element-124b82d card_type1 e-container--column e-container\" data-id=\"124b82d\" data-element_type=\"container\">\t\t\t\t<div class=\"elementor-element elementor-element-dfe1ad7 elementor-widget elementor-widget-image\" data-id=\"dfe1ad7\" data-element_type=\"widget\" data-widget_type=\"image.default\">\n\t\t\t\t<div class=\"elementor-widget-container\">\n\t\t\t\t\t\t\t\t\t\t\t\t\t\t\t<img decoding=\"async\" width=\"500\" height=\"500\" src=\"https:\/\/www.alarmsofflorida.com\/wp-content\/uploads\/2023\/01\/new-sc-doorbell-removebg-preview.png\" class=\"attachment-full size-full\" alt=\"\" loading=\"lazy\" srcset=\"https:\/\/www.alarmsofflorida.com\/wp-content\/uploads\/2023\/01\/new-sc-doorbell-removebg-preview.png 500w, https:\/\/www.alarmsofflorida.com\/wp-content\/uploads\/2023\/01\/new-sc-doorbell-removebg-preview-480x480.png 480w\" sizes=\"(min-width: 0px) and (max-width: 480px) 480px, (min-width: 481px) 500px, 100vw\" \/>\t\t\t\t\t\t\t\t\t\t\t\t\t\t\t<\/div>\n\t\t\t\t<\/div>\n\t\t\t\t<div class=\"elementor-element elementor-element-e8dacc4 elementor-widget__width-initial elementor-widget elementor-widget-heading\" data-id=\"e8dacc4\" data-element_type=\"widget\" data-widget_type=\"heading.default\">\n\t\t\t\t<div class=\"elementor-widget-container\">\n\t\t\t<h3 class=\"elementor-heading-title elementor-size-default\">C\u00e1maras de timbre<\/h3>\t\t<\/div>\n\t\t\t\t<\/div>\n\t\t\t\t<div class=\"elementor-element elementor-element-149e844 elementor-widget elementor-widget-heading\" data-id=\"149e844\" data-element_type=\"widget\" data-widget_type=\"heading.default\">\n\t\t\t\t<div class=\"elementor-widget-container\">\n\t\t\t<p class=\"elementor-heading-title elementor-size-default\">Vea qui\u00e9n est\u00e1 en la puerta de su casa con la c\u00e1mara del timbre de ADT. Puede ver qui\u00e9n est\u00e1 en la puerta de su casa, con alertas de movimiento y saber cu\u00e1ndo tiene una entrega. Es un dispositivo de comunicaci\u00f3n bidireccional, por lo que puede hablar a trav\u00e9s del timbre.<\/p>\t\t<\/div>\n\t\t\t\t<\/div>\n\t\t<\/div><\/div><\/div><\/div><div class=\"elementor-element elementor-element-9fd7f7b e-container--column e-container\" data-id=\"9fd7f7b\" data-element_type=\"container\">\t\t\t\t<div class=\"elementor-element elementor-element-0a3b2d9 elementor-align-center elementor-widget elementor-widget-button\" data-id=\"0a3b2d9\" data-element_type=\"widget\" data-widget_type=\"button.default\">\n\t\t\t\t<div class=\"elementor-widget-container\">\n\t\t\t\t\t<div class=\"elementor-button-wrapper\">\n\t\t\t<a href=\"https:\/\/www.alarmsofflorida.com\/es\/form\/\" target=\"_blank\" class=\"elementor-button-link elementor-button elementor-size-sm\" role=\"button\">\n\t\t\t\t\t\t<span class=\"elementor-button-content-wrapper\">\n\t\t\t\t\t\t<span class=\"elementor-button-text\">Obt\u00e9n una cotizaci\u00f3n gratis<br> <span class=\"subtext-buttom\">Instalaciones el mismo d\u00eda<\/span><\/span>\n\t\t<\/span>\n\t\t\t\t\t<\/a>\n\t\t<\/div>\n\t\t\t\t<\/div>\n\t\t\t\t<\/div>\n\t\t<\/div>\t\t\t\t\t<\/div>","protected":false},"excerpt":{"rendered":"<p>Security Cameras Outdoor Cameras Keep your property safe with ADT outdoor cameras. Check the surrounding of your business from anywhere using your phone app. Also receive alerts from the cameras when they detect movement so you know when someone gets too close to your property, even in low light conditions with the infrared night vision [&hellip;]<\/p>","protected":false},"author":2,"featured_media":0,"parent":0,"menu_order":0,"comment_status":"closed","ping_status":"closed","template":"elementor_header_footer","meta":{"_et_pb_use_builder":"","_et_pb_old_content":"","_et_gb_content_width":""},"_links":{"self":[{"href":"https:\/\/www.alarmsofflorida.com\/es\/wp-json\/wp\/v2\/pages\/2911"}],"collection":[{"href":"https:\/\/www.alarmsofflorida.com\/es\/wp-json\/wp\/v2\/pages"}],"about":[{"href":"https:\/\/www.alarmsofflorida.com\/es\/wp-json\/wp\/v2\/types\/page"}],"author":[{"embeddable":true,"href":"https:\/\/www.alarmsofflorida.com\/es\/wp-json\/wp\/v2\/users\/2"}],"replies":[{"embeddable":true,"href":"https:\/\/www.alarmsofflorida.com\/es\/wp-json\/wp\/v2\/comments?post=2911"}],"version-history":[{"count":39,"href":"https:\/\/www.alarmsofflorida.com\/es\/wp-json\/wp\/v2\/pages\/2911\/revisions"}],"predecessor-version":[{"id":3056,"href":"https:\/\/www.alarmsofflorida.com\/es\/wp-json\/wp\/v2\/pages\/2911\/revisions\/3056"}],"wp:attachment":[{"href":"https:\/\/www.alarmsofflorida.com\/es\/wp-json\/wp\/v2\/media?parent=2911"}],"curies":[{"name":"wp","href":"https:\/\/api.w.org\/{rel}","templated":true}]}}